{"id":1368,"date":"2021-02-02T10:34:30","date_gmt":"2021-02-02T10:34:30","guid":{"rendered":"https:\/\/desayunaconmiel.eu\/legal-notice\/"},"modified":"2022-04-08T11:06:46","modified_gmt":"2022-04-08T11:06:46","slug":"legal-notice","status":"publish","type":"page","link":"https:\/\/desayunaconmiel.eu\/en\/legal-notice\/","title":{"rendered":"Legal Notice"},"content":{"rendered":"<p>[et_pb_section fb_built=&#8221;1&#8243; admin_label=&#8221;section&#8221; _builder_version=&#8221;3.22&#8243; global_colors_info=&#8221;{}&#8221;][et_pb_row admin_label=&#8221;row&#8221; _builder_version=&#8221;3.25&#8243; background_size=&#8221;initial&#8221; background_position=&#8221;top_left&#8221; background_repeat=&#8221;repeat&#8221; global_colors_info=&#8221;{}&#8221;][et_pb_column type=&#8221;4_4&#8243; _builder_version=&#8221;3.25&#8243; custom_padding=&#8221;|||&#8221; global_colors_info=&#8221;{}&#8221; custom_padding__hover=&#8221;|||&#8221;][et_pb_text admin_label=&#8221;Text&#8221; _builder_version=&#8221;4.14.8&#8243; header_font=&#8221;EFFRA std Regular||||||||&#8221; header_line_height=&#8221;1.6em&#8221; header_2_font_size=&#8221;18px&#8221; header_2_line_height=&#8221;1.2em&#8221; background_size=&#8221;initial&#8221; background_position=&#8221;top_left&#8221; background_repeat=&#8221;repeat&#8221; hover_enabled=&#8221;0&#8243; global_colors_info=&#8221;{}&#8221; sticky_enabled=&#8221;0&#8243;]<\/p>\n<h1>AVISO LEGAL, T\u00c9RMINOS Y CONDICIONES DE USO<\/h1>\n<h2>El contenido de la siguiente publicidad representa \u00fanicamente la opini\u00f3n de su autor y es responsabilidad exclusiva del mismo. La Comisi\u00f3n Europea no asume ninguna responsabilidad por el uso que pudiera hacerse de la informaci\u00f3n que contiene.<\/h2>\n<ol>\n<li><strong> INFORMACI\u00d3N LEGAL<\/strong><\/li>\n<\/ol>\n<p>En virtud del cumplimiento de la Ley 34\/2002, de 11 de Julio, de Servicios de la Sociedad de la Informaci\u00f3n y de Comercio Electr\u00f3nico (en adelante LSSICE), le informamos de que ASOCIACION ESPA\u00d1OLA DE COMERCIANTES Y ENVASADORES DE MIEL (en adelante, ASEMIEL), con domicilio social en Madrid, Calle Antonio Cabez\u00f3n, 83, 2\u00ba oficina 3, 28034 Madrid, con CIF n\u00famero G96517263, y direcci\u00f3n de correo electr\u00f3nico lopd@desayunaconmiel.eu, pone a disposici\u00f3n de los Usuarios de Internet ciertos contenidos a trav\u00e9s del dominio <a href=\"http:\/\/www.desayunaconmiel.eu\">www.desayunaconmiel.eu<\/a> (en adelante, \u201cel Sitio Web\u201d).<\/p>\n<p><span style=\"font-size: 14px;\">El servicio prestado por ASEMIEL a trav\u00e9s del Sitio Web (en adelante, el \u201c<\/span><strong style=\"font-size: 14px;\">Servicio<\/strong><span style=\"font-size: 14px;\">\u201d) consiste en poner a disposici\u00f3n de los usuarios material gr\u00e1fico y audiovisual relativo al sector porcino.<\/span><\/p>\n<p><strong style=\"font-size: 14px;\">1.1. Uso del Sitio Web<\/strong><\/p>\n<p><span style=\"font-size: 14px;\">ASEMIEL posibilita a los Usuarios el acceso y la utilizaci\u00f3n de los diversos servicios y contenidos, al poner a disposici\u00f3n del Usuario, informaci\u00f3n y datos (en adelante \u201c<\/span><strong style=\"font-size: 14px;\">Contenidos<\/strong><span style=\"font-size: 14px;\">\u201d) mediante su web, que pueden estar suministrados tanto por ASEMIEL como por terceras personas f\u00edsicas y\/o jur\u00eddicas. El acceso a la web de ASEMIEL es gratuito y no precisa de registro. En el caso de que alg\u00fan servicio que se ofrezca a trav\u00e9s del Sitio Web no lo fuese, se informar\u00e1 al Usuario de forma adecuada.<\/span><\/p>\n<p><span style=\"font-size: 14px;\">El Usuario que acceda a <\/span><a href=\"http:\/\/www.desayunaconmiel.eu\" style=\"font-size: 14px;\">www.desayunaconmiel.eu<\/a><span style=\"font-size: 14px;\"> conoce y acepta las condiciones generales aqu\u00ed contenidas, de cada una de las versiones que de la web se ofrezcan, y las modificaciones que sobre<\/span><\/p>\n<p>estas se produzcan, debiendo los usuarios peri\u00f3dicamente acceder a estas para su conocimiento.<\/p>\n<p><span style=\"font-size: 14px;\">La utilizaci\u00f3n del Sitio Web atribuye la condici\u00f3n de Usuario e implica la Aceptaci\u00f3n y el reconocimiento expreso de conocer las advertencias legales, condiciones y t\u00e9rminos de uso contenidos en el mismo. El Usuario debe leer atentamente el presente Aviso Legal cada vez que desee acceder al Sitio Web, ya que el mismo puede sufrir modificaciones, siendo la versi\u00f3n vigente aquella publicada en cada momento. El uso del Sitio Web supone la aceptaci\u00f3n expresa de las presentes normas y de cualquier modificaci\u00f3n que pueda hacerse en el futuro, por lo que el Usuario debe leer estos t\u00e9rminos y condiciones peri\u00f3dicamente.<\/span><\/p>\n<p><span style=\"font-size: 14px;\"> <\/span><\/p>\n<p><strong>2. T\u00c9RMINOS Y CONDICIONES DE USO DEL SITIO WEB<\/strong><\/p>\n<p>El mero acceso a este Sitio Web no supone entablar ning\u00fan tipo de relaci\u00f3n de car\u00e1cter comercial entre ASEMIEL y el Usuario. La informaci\u00f3n que se difunde por este medio se hace \u00fanicamente a t\u00edtulo informativo, reserv\u00e1ndose ASEMIEL el derecho a eliminar o suspender su difusi\u00f3n, total o parcialmente, y a modificar la estructura y contenido de este Sitio Web.<\/p>\n<p>Asimismo, ASEMIEL se reserva la facultad de modificar unilateralmente por motivos justificados las condiciones y t\u00e9rminos de uso de este Sitio Web, mediando la publicaci\u00f3n en el Sitio Web. La entrada en vigor de cualesquiera modificaciones de las condiciones de uso se producir\u00e1 desde el momento de su publicaci\u00f3n en este Sitio Web.<\/p>\n<p>Para el correcto acceso y uso de determinados contenidos y servicios del Sitio Web, podr\u00eda ser necesaria la descarga en sus equipos inform\u00e1ticos de determinados programas de ordenador u otros elementos l\u00f3gicos. Dicha instalaci\u00f3n correr\u00e1 a cargo del Usuario, declinando ASEMIEL cualquier tipo de responsabilidad que de ello se pudiera derivar.<\/p>\n<p>ASEMIEL se reserva el derecho a suspender y cancelar el acceso, y modificar, limitar o cancelar todos o cualquiera de los t\u00e9rminos y condiciones aplicables al Sitio Web, efectuando el preaviso mediante un anuncio en la p\u00e1gina web. La calidad y velocidad con que se accede a la web no ser\u00e1 responsabilidad de ASEMIEL, no pudiendo reclamarse por el usuario indemnizaci\u00f3n alguna por da\u00f1os y perjuicios. El servicio prestado por ASEMIEL mediante su web es por tiempo indefinido, pudiendo en cualquier momento cesar la prestaci\u00f3n de este servicio sin causa o motivo justificado y sin previo aviso.<\/p>\n<p>ASEMIEL no ser\u00e1 responsable de ninguna anomal\u00eda, mal funcionamiento, deterioro, borrado de datos o software que se produzca en los equipos o sistemas de los usuarios, como consecuencia directa o indirecta del acceso o intento de acceso al Sitio Web. El acceso, navegaci\u00f3n y uso del Sitio Web es responsabilidad del Usuario, por lo que el mismo se compromete a observar diligente y fielmente cualquier instrucci\u00f3n adicional impartida por ASEMIEL o por personal autorizado en relaci\u00f3n con el uso del Sitio Web y de los Contenidos. Por tanto, el Usuario se obliga a usar los Contenidos de forma diligente, correcta y l\u00edcita y, en particular, con car\u00e1cter enunciativo, pero no limitativo, se compromete a abstenerse de utilizar los contenidos con fines o efectos contrarios a la ley, a la moral y a las buenas costumbres generalmente aceptadas o al orden p\u00fablico y emplear los contenidos y, en particular, la informaci\u00f3n de cualquier clase obtenida a trav\u00e9s del Sitio Web o de los Servicios con fines contrarios a la ley.<\/p>\n<ol start=\"3\">\n<li><strong>CONTENIDOS DE LA WEB<\/strong><\/li>\n<\/ol>\n<p>El idioma utilizado por ASEMIEL en la web ser\u00e1 el castellano, sin perjuicio de utilizar otras lenguas, tanto nacionales como auton\u00f3micas, libremente y sin previo aviso. ASEMIEL podr\u00e1 modificar los Contenidos sin previo aviso, as\u00ed como suprimir y cambiar \u00e9stos dentro de la web, no responsabiliz\u00e1ndose de las consecuencias que puedan afectar a los usuarios. Queda prohibido realizar cualquier acci\u00f3n que impida o dificulte el acceso a la web por los usuarios, as\u00ed como de los hiperv\u00ednculos a los servicios y contenidos de terceros ofrecidos en la web, y, en concreto, el uso de ASEMIEL como <em>metatag<\/em>, o para usarse, en cualquier forma, para atraer usuarios a webs distintas de la presente, o dificultar o disuadir el uso de \u00e9sta.<\/p>\n<p>ASEMIEL no se hace responsable de la fiabilidad y rapidez de los hiperenlaces que se incorporen en su web a otras webs. ASEMIEL no garantiza la utilidad de la web respecto de sus enlaces a otras webs, ni se responsabiliza de los contenidos o servicios a los que pueda acceder el usuario por medio de estos enlaces, ni del buen funcionamiento de \u00e9stas.<\/p>\n<ol start=\"4\">\n<li><strong> DERECHOS DE PROPIEDAD INTELECTUAL E INDUSTRIAL<\/strong><\/li>\n<\/ol>\n<p>Tanto el dise\u00f1o del Portal y sus c\u00f3digos fuente, bases de datos, contenidos como los logos, marcas, elementos gr\u00e1ficos, ilustraciones, bocetos, informaciones, dise\u00f1os (<em>look&amp;feel), <\/em>nombres comerciales y dem\u00e1s signos distintivos que aparecen en el mismo, pertenecen a ASEMIEL o entidades colaboradoras y est\u00e1n protegidos por los correspondientes derechos de propiedad intelectual e industrial. La informaci\u00f3n disponible en este Sitio Web, salvo indicaci\u00f3n expresa en contrario, no es susceptible de reutilizaci\u00f3n; salvo que se autorice su reproducci\u00f3n total o parcial, modificaci\u00f3n, distribuci\u00f3n y comunicaci\u00f3n, expresamente y por escrito previa solicitud a ASEMIEL.<\/p>\n<ol start=\"5\">\n<li><strong> EXENCI\u00d3N DE RESPONSABILIDAD<\/strong><\/li>\n<\/ol>\n<ul>\n<li><strong>Por el funcionamiento del Sitio Web<\/strong><\/li>\n<\/ul>\n<p><span style=\"font-size: 14px;\">ASEMIEL no se hace responsable por los da\u00f1os y perjuicios de cualquier naturaleza que pudieran derivarse de la disponibilidad y continuidad t\u00e9cnica del funcionamiento del Sitio Web. En particular ASEMIEL no se responsabiliza ni garantiza que el acceso a este Sitio Web sea ininterrumpido o que est\u00e9 libre de error.<\/span><\/p>\n<p><span style=\"font-size: 14px;\">En ning\u00fan caso, ASEMIEL ser\u00e1 responsable por las p\u00e9rdidas, da\u00f1os o perjuicios de cualquier tipo que surjan por el acceso y el uso del Sitio Web, incluy\u00e9ndose, pero no limit\u00e1ndose, a los ocasionados a los sistemas inform\u00e1ticos o a los provocados por la introducci\u00f3n de virus. ASEMIEL adopta medidas de seguridad razonablemente adecuadas para detectar la existencia de virus. No obstante, el Usuario es consciente y acepta que las medidas de seguridad disponibles para los sistemas inform\u00e1ticos en Internet no son enteramente fiables y que, por tanto, ASEMIEL no puede garantizar la inexistencia de virus u otros elementos que puedan producir alteraciones en los sistemas inform\u00e1ticos (software y hardware) del Usuario o en sus documentos electr\u00f3nicos y ficheros contenidos en los anteriores.<\/span><\/p>\n<ul>\n<li><strong> <\/strong><strong>Por los contenidos alojados en el Sitio Web<\/strong><\/li>\n<\/ul>\n<p><span style=\"font-size: 14px;\">ASEMIEL excluye, con toda la extensi\u00f3n permitida por la Ley, cualquier responsabilidad de cualquier clase por la calidad, veracidad, exactitud, licitud, actualidad, vigencia o utilidad\/adecuaci\u00f3n a finalidad alguna que el Usuario pudiera haber atribuido a los contenidos que integran ASEMIEL. Asimismo, ASEMIEL no asumir\u00e1 ninguna responsabilidad, ya sea directa o indirecta, derivada del mal uso del Servicio por parte del Usuario, asumiendo \u00e9ste, en todo caso, bajo su exclusiva responsabilidad, las consecuencias, da\u00f1os o acciones que pudieran derivarse de su acceso o uso del Servicio frente a ASEMIEL y a terceros.<\/span><\/p>\n<p><span style=\"font-size: 14px;\">ASEMIEL Tampoco garantiza ni se responsabiliza de que cualquier informaci\u00f3n disponible en este Sitio Web reproduzca exactamente cualesquiera documentos publicados en papel, ni responder\u00e1 de la informaci\u00f3n difundida por terceras personas en las que aparezca citado como fuente.<\/span><\/p>\n<ul>\n<li><strong>Por los contenidos alojados en p\u00e1ginas accesibles desde el Sitio Web<\/strong><\/li>\n<\/ul>\n<p><span style=\"font-size: 14px;\">ASEMIEL podr\u00e1 contener enlaces a p\u00e1ginas que se encuentren bajo responsabilidad de terceros.<\/span><\/p>\n<p>ASEMIEL no puede controlar o supervisar en modo alguno dichos contenidos. ASEMIEL excluye, con toda la extensi\u00f3n permitida por la Ley, cualquier responsabilidad de cualquier clase, derivada de la existencia o posibilidad de acceso a dichos contenidos. ASEMIEL no ser\u00e1 responsable, ni siquiera de forma indirecta o subsidiaria, de ninguno de los contenidos, archivos, informaciones, opiniones, conceptos e im\u00e1genes que se emitan, publiquen o distribuyan directa o indirectamente a trav\u00e9s de p\u00e1ginas accesibles desde el Sitio Web, cualquier web interconectada a la que se acceda a trav\u00e9s des Sitio Web por medio de links o cualquiera de los servicios que se vinculen o relacionen con dicha web interconectada.<\/p>\n<p>En el supuesto de que un Usuario considere que cualquiera de los contenidos o informaciones disponibles a trav\u00e9s del Sitio Web infringe sus derechos o resulta, por cualquier motivo, il\u00edcito, podr\u00e1 ponerlo en conocimiento de ASEMIEL mediante el env\u00edo de un correo electr\u00f3nico a <a href=\"mailto:lopd@desayunaconmiel.eu\">lopd@desayunaconmiel.eu<\/a> incluyendo la referencia \u201cContenidos Il\u00edcitos\u201d.<\/p>\n<ol start=\"6\">\n<li><strong> Protecci\u00f3n de datos<\/strong><\/li>\n<\/ol>\n<p>ASEMIEL garantiza la seguridad y confidencialidad de los datos personales que el usuario facilite a trav\u00e9s del Sitio Web. ASEMIEL tratar\u00e1 los datos personales conforme a lo establecido en su Pol\u00edtica de Privacidad<\/p>\n<ol start=\"7\">\n<li><strong>JURISDICCI\u00d3N Y LEGISLACI\u00d3N APLICABLE<\/strong><\/li>\n<\/ol>\n<p>Siempre que la normativa vigente al efecto prevea la posibilidad para las partes de someterse a un fuero determinado, para toda cuesti\u00f3n litigiosa derivada o relacionada con este Sitio Web ser\u00e1 de aplicaci\u00f3n la legislaci\u00f3n espa\u00f1ola vigente en el momento del litigio, y nos someteremos a los Juzgados y Tribunales de Madrid Capital, as\u00ed como, en su caso, a los Tribunales Arbitrales de consumo o semejantes a los que nos encontremos adheridos en el momento de producirse la controversia.<\/p>\n<p>&nbsp;<\/p>\n<p>[\/et_pb_text][\/et_pb_column][\/et_pb_row][\/et_pb_section]<\/p>\n","protected":false},"excerpt":{"rendered":"<p>AVISO LEGAL, T\u00c9RMINOS Y CONDICIONES DE USO El contenido de la siguiente publicidad representa \u00fanicamente la opini\u00f3n de su autor y es responsabilidad exclusiva del mismo. La Comisi\u00f3n Europea no asume ninguna responsabilidad por el uso que pudiera hacerse de la informaci\u00f3n que contiene. INFORMACI\u00d3N LEGAL En virtud del cumplimiento de la Ley 34\/2002, de [&hellip;]<\/p>\n","protected":false},"author":1,"featured_media":0,"parent":0,"menu_order":0,"comment_status":"closed","ping_status":"open","template":"","meta":{"_et_pb_use_builder":"on","_et_pb_old_content":"","_et_gb_content_width":"","footnotes":""},"aioseo_notices":[],"_links":{"self":[{"href":"https:\/\/desayunaconmiel.eu\/en\/wp-json\/wp\/v2\/pages\/1368"}],"collection":[{"href":"https:\/\/desayunaconmiel.eu\/en\/wp-json\/wp\/v2\/pages"}],"about":[{"href":"https:\/\/desayunaconmiel.eu\/en\/wp-json\/wp\/v2\/types\/page"}],"author":[{"embeddable":true,"href":"https:\/\/desayunaconmiel.eu\/en\/wp-json\/wp\/v2\/users\/1"}],"replies":[{"embeddable":true,"href":"https:\/\/desayunaconmiel.eu\/en\/wp-json\/wp\/v2\/comments?post=1368"}],"version-history":[{"count":3,"href":"https:\/\/desayunaconmiel.eu\/en\/wp-json\/wp\/v2\/pages\/1368\/revisions"}],"predecessor-version":[{"id":1371,"href":"https:\/\/desayunaconmiel.eu\/en\/wp-json\/wp\/v2\/pages\/1368\/revisions\/1371"}],"wp:attachment":[{"href":"https:\/\/desayunaconmiel.eu\/en\/wp-json\/wp\/v2\/media?parent=1368"}],"curies":[{"name":"wp","href":"https:\/\/api.w.org\/{rel}","templated":true}]}}