{"id":1140,"date":"2021-01-25T11:03:57","date_gmt":"2021-01-25T11:03:57","guid":{"rendered":"https:\/\/desayunaconmiel.eu\/press\/"},"modified":"2022-02-25T13:23:43","modified_gmt":"2022-02-25T13:23:43","slug":"press","status":"publish","type":"page","link":"https:\/\/desayunaconmiel.eu\/en\/press\/","title":{"rendered":"Press"},"content":{"rendered":"<p>[et_pb_section fb_built=&#8221;1&#8243; fullwidth=&#8221;on&#8221; _builder_version=&#8221;4.8.1&#8243; _module_preset=&#8221;default&#8221; global_colors_info=&#8221;{}&#8221;][et_pb_fullwidth_image src=&#8221;https:\/\/desayunaconmiel.eu\/wp-content\/uploads\/2022\/02\/la-miel-medios_en.jpg&#8221; title_text=&#8221;la miel medios_en&#8221; _builder_version=&#8221;4.14.8&#8243; _module_preset=&#8221;default&#8221; hover_enabled=&#8221;0&#8243; global_colors_info=&#8221;{}&#8221; sticky_enabled=&#8221;0&#8243;][\/et_pb_fullwidth_image][\/et_pb_section][et_pb_section fb_built=&#8221;1&#8243; _builder_version=&#8221;4.8.1&#8243; _module_preset=&#8221;default&#8221; global_colors_info=&#8221;{}&#8221;][et_pb_row _builder_version=&#8221;4.8.1&#8243; _module_preset=&#8221;default&#8221; global_colors_info=&#8221;{}&#8221;][et_pb_column type=&#8221;4_4&#8243; _builder_version=&#8221;4.8.1&#8243; _module_preset=&#8221;default&#8221; global_colors_info=&#8221;{}&#8221;][et_pb_text _builder_version=&#8221;4.8.1&#8243; _module_preset=&#8221;default&#8221; text_font=&#8221;EFFRA std Regular||||||||&#8221; text_font_size=&#8221;18px&#8221; text_letter_spacing=&#8221;1px&#8221; text_line_height=&#8221;1.6em&#8221; header_3_font=&#8221;EFFRA std Bold||||||||&#8221; header_3_font_size=&#8221;26px&#8221; header_3_letter_spacing=&#8221;5px&#8221; header_3_line_height=&#8221;1.8em&#8221; text_orientation=&#8221;center&#8221; width=&#8221;80%&#8221; module_alignment=&#8221;center&#8221; global_colors_info=&#8221;{}&#8221;]<\/p>\n<p>Here you can find the latest news about honey, so that you\u2019re always up to date, including news and press releases. Because a Honeyenial follows the honey news up to the minute!<\/p>\n<p>[\/et_pb_text][\/et_pb_column][\/et_pb_row][et_pb_row column_structure=&#8221;1_2,1_2&#8243; _builder_version=&#8221;4.8.1&#8243; _module_preset=&#8221;default&#8221; global_colors_info=&#8221;{}&#8221;][et_pb_column type=&#8221;1_2&#8243; _builder_version=&#8221;4.8.1&#8243; _module_preset=&#8221;default&#8221; global_colors_info=&#8221;{}&#8221;][et_pb_text _builder_version=&#8221;4.8.1&#8243; _module_preset=&#8221;default&#8221; global_colors_info=&#8221;{}&#8221;]<a class=\"vp-a\" href=\"https:\/\/youtu.be\/s22_RZYuRDQ\"><img decoding=\"async\" class=\"vp-img\" src=\"https:\/\/desayunaconmiel.eu\/wp-content\/uploads\/2021\/02\/video_noticia_img.jpg\"><\/a>[\/et_pb_text][\/et_pb_column][et_pb_column type=&#8221;1_2&#8243; _builder_version=&#8221;4.8.1&#8243; _module_preset=&#8221;default&#8221; global_colors_info=&#8221;{}&#8221;][et_pb_image src=&#8221;https:\/\/desayunaconmiel.eu\/wp-content\/uploads\/2021\/01\/portada-dossier-scaled.jpg&#8221; title_text=&#8221;portada dossier&#8221; _builder_version=&#8221;4.8.1&#8243; _module_preset=&#8221;default&#8221; global_colors_info=&#8221;{}&#8221;][\/et_pb_image][et_pb_button button_url=&#8221;https:\/\/desayunaconmiel.eu\/wp-content\/uploads\/2021\/06\/Nuevo-Dossier-de-prensa-MIELENIALS.pdf&#8221; url_new_window=&#8221;on&#8221; button_text=&#8221;Descargar&#8221; button_alignment=&#8221;right&#8221; _builder_version=&#8221;4.8.1&#8243; _module_preset=&#8221;default&#8221; custom_button=&#8221;on&#8221; button_text_size=&#8221;18px&#8221; button_text_color=&#8221;#FFFFFF&#8221; button_bg_color=&#8221;#000000&#8243; button_border_color=&#8221;RGBA(0,0,0,0)&#8221; button_border_radius=&#8221;0px&#8221; button_letter_spacing=&#8221;1px&#8221; button_font=&#8221;EFFRA std Regular|||on|||||&#8221; custom_margin=&#8221;-30px||||false|false&#8221; global_colors_info=&#8221;{}&#8221;][\/et_pb_button][\/et_pb_column][\/et_pb_row][et_pb_row _builder_version=&#8221;4.8.1&#8243; _module_preset=&#8221;default&#8221; global_colors_info=&#8221;{}&#8221;][et_pb_column type=&#8221;4_4&#8243; _builder_version=&#8221;4.8.1&#8243; _module_preset=&#8221;default&#8221; global_colors_info=&#8221;{}&#8221;][et_pb_text _builder_version=&#8221;4.8.1&#8243; _module_preset=&#8221;default&#8221; text_font=&#8221;EFFRA std Regular||||||||&#8221; text_font_size=&#8221;18px&#8221; text_letter_spacing=&#8221;1px&#8221; text_line_height=&#8221;1.6em&#8221; global_colors_info=&#8221;{}&#8221;]<\/p>\n<p>NOTAS DE PRENSA<\/p>\n<p>[\/et_pb_text][et_pb_text _builder_version=&#8221;4.8.1&#8243; _module_preset=&#8221;default&#8221; text_font=&#8221;EFFRA std Regular||||||||&#8221; text_font_size=&#8221;18px&#8221; text_letter_spacing=&#8221;1px&#8221; text_line_height=&#8221;1.6em&#8221; background_color=&#8221;#ffc627&#8243; custom_padding=&#8221;|20px||20px|false|false&#8221; link_option_url=&#8221;https:\/\/desayunaconmiel.eu\/wp-content\/uploads\/2021\/07\/NdP-Aragon-bajo-consumo-de-miel.pdf&#8221; global_colors_info=&#8221;{}&#8221;]<\/p>\n<p>Arag\u00f3n, a la cola en consumo de miel a pesar de la gran tradici\u00f3n del sector ap\u00edcola<\/p>\n<p>[\/et_pb_text][et_pb_text _builder_version=&#8221;4.8.1&#8243; _module_preset=&#8221;default&#8221; text_font=&#8221;EFFRA std Regular||||||||&#8221; text_font_size=&#8221;18px&#8221; text_letter_spacing=&#8221;1px&#8221; text_line_height=&#8221;1.6em&#8221; background_color=&#8221;#ffc627&#8243; custom_padding=&#8221;|20px||20px|false|false&#8221; link_option_url=&#8221;https:\/\/desayunaconmiel.eu\/wp-content\/uploads\/2021\/07\/Miel-NdP-Variedades-de-la-miel.pdf&#8221; global_colors_info=&#8221;{}&#8221;]<\/p>\n<p>Descubre cinco mieles producidas en Espa\u00f1a bajo el modelo europeo muy apreciadas fuera de nuestras fronteras<\/p>\n<p>[\/et_pb_text][et_pb_text _builder_version=&#8221;4.8.1&#8243; _module_preset=&#8221;default&#8221; text_font=&#8221;EFFRA std Regular||||||||&#8221; text_font_size=&#8221;18px&#8221; text_letter_spacing=&#8221;1px&#8221; text_line_height=&#8221;1.6em&#8221; background_color=&#8221;#ffc627&#8243; custom_padding=&#8221;|20px||20px|false|false&#8221; link_option_url=&#8221;https:\/\/desayunaconmiel.eu\/wp-content\/uploads\/2021\/07\/Miel-NdP-Extremadura-bajo-consumo-de-miel.pdf&#8221; global_colors_info=&#8221;{}&#8221;]<\/p>\n<p>La paradoja de Extremadura con la miel: a la cabeza en producci\u00f3n y a la cola en consumo<\/p>\n<p>[\/et_pb_text][et_pb_text _builder_version=&#8221;4.8.1&#8243; _module_preset=&#8221;default&#8221; text_font=&#8221;EFFRA std Regular||||||||&#8221; text_font_size=&#8221;18px&#8221; text_letter_spacing=&#8221;1px&#8221; text_line_height=&#8221;1.6em&#8221; background_color=&#8221;#ffc627&#8243; custom_padding=&#8221;|20px||20px|false|false&#8221; link_option_url=&#8221;https:\/\/desayunaconmiel.eu\/wp-content\/uploads\/2021\/06\/NdP-Celebra-con-miel-el-Dia-Mundial-de-las-abejas-Mayo-21.pdf&#8221; global_colors_info=&#8221;{}&#8221;]<\/p>\n<p>Cinco motivos para darle un toque de miel al D\u00eda Mundial de las Abejas<\/p>\n<p>[\/et_pb_text][et_pb_text _builder_version=&#8221;4.8.1&#8243; _module_preset=&#8221;default&#8221; text_font=&#8221;EFFRA std Regular||||||||&#8221; text_font_size=&#8221;18px&#8221; text_letter_spacing=&#8221;1px&#8221; text_line_height=&#8221;1.6em&#8221; background_color=&#8221;#ffc627&#8243; custom_padding=&#8221;|20px||20px|false|false&#8221; link_option_url=&#8221;https:\/\/desayunaconmiel.eu\/wp-content\/uploads\/2021\/06\/NdP-Seis-de-cada-diez-nin\u0303os-no-consumen-miel-Mayo-21.pdf&#8221; global_colors_info=&#8221;{}&#8221;]<\/p>\n<p>Casi el 60% de los ni\u00f1os espa\u00f1oles de entre 6 y 12 a\u00f1os no consume miel<\/p>\n<p>[\/et_pb_text][et_pb_text _builder_version=&#8221;4.8.1&#8243; _module_preset=&#8221;default&#8221; text_font=&#8221;EFFRA std Regular||||||||&#8221; text_font_size=&#8221;18px&#8221; text_letter_spacing=&#8221;1px&#8221; text_line_height=&#8221;1.6em&#8221; background_color=&#8221;#ffc627&#8243; custom_padding=&#8221;|20px||20px|false|false&#8221; link_option_url=&#8221;https:\/\/desayunaconmiel.eu\/wp-content\/uploads\/2021\/06\/NdP-Desayunos-originales-para-Dia-de-la-Madre-Abril-21.pdf&#8221; global_colors_info=&#8221;{}&#8221;]<\/p>\n<p>Tres originales desayunos con miel para que los m\u00e1s peque\u00f1os (y sus padres) endulcen el D\u00eda de la Madre<\/p>\n<p>[\/et_pb_text][et_pb_text _builder_version=&#8221;4.8.1&#8243; _module_preset=&#8221;default&#8221; text_font=&#8221;EFFRA std Regular||||||||&#8221; text_font_size=&#8221;18px&#8221; text_letter_spacing=&#8221;1px&#8221; text_line_height=&#8221;1.6em&#8221; background_color=&#8221;#ffc627&#8243; custom_padding=&#8221;|20px||20px|false|false&#8221; link_option_url=&#8221;https:\/\/desayunaconmiel.eu\/wp-content\/uploads\/2021\/02\/Miel-NdP-Campan\u0303a-Mielenials.pdf&#8221; global_colors_info=&#8221;{}&#8221;]<\/p>\n<p>ASEMIEL-ANIMPA lanza la campa\u00f1a Familias Mielenials para impulsar el consumo de miel, un producto 100% natural y que desempe\u00f1a un papel fundamental en la sostenibilidad del ecosistema<span style=\"color: #00ccff;\"><\/span><\/p>\n<p>[\/et_pb_text][\/et_pb_column][\/et_pb_row][\/et_pb_section][et_pb_section fb_built=&#8221;1&#8243; _builder_version=&#8221;4.8.1&#8243; _module_preset=&#8221;default&#8221; global_colors_info=&#8221;{}&#8221;][et_pb_row _builder_version=&#8221;4.8.1&#8243; _module_preset=&#8221;default&#8221; global_colors_info=&#8221;{}&#8221;][et_pb_column type=&#8221;4_4&#8243; _builder_version=&#8221;4.8.1&#8243; _module_preset=&#8221;default&#8221; global_colors_info=&#8221;{}&#8221;][et_pb_image src=&#8221;https:\/\/desayunaconmiel.eu\/wp-content\/uploads\/2021\/01\/panal_abeja.png&#8221; title_text=&#8221;panal_abeja&#8221; _builder_version=&#8221;4.8.1&#8243; _module_preset=&#8221;default&#8221; width=&#8221;30%&#8221; module_alignment=&#8221;right&#8221; custom_margin=&#8221;-178px||||false|false&#8221; global_colors_info=&#8221;{}&#8221;][\/et_pb_image][\/et_pb_column][\/et_pb_row][\/et_pb_section]<\/p>\n","protected":false},"excerpt":{"rendered":"<p>Here you can find the latest news about honey, so that you\u2019re always up to date, including news and press releases. Because a Honeyenial follows the honey news up to the minute!<a class=\"vp-a\" href=\"https:\/\/youtu.be\/s22_RZYuRDQ\"><img decoding=\"async\" class=\"vp-img\" src=\"https:\/\/desayunaconmiel.eu\/wp-content\/uploads\/2021\/02\/video_noticia_img.jpg\"><\/a>NOTAS DE PRENSAArag\u00f3n, a la cola en consumo de miel a pesar de la gran tradici\u00f3n del sector ap\u00edcolaDescubre cinco mieles producidas [&hellip;]<\/p>\n","protected":false},"author":1,"featured_media":0,"parent":0,"menu_order":0,"comment_status":"closed","ping_status":"closed","template":"","meta":{"_et_pb_use_builder":"on","_et_pb_old_content":"","_et_gb_content_width":"","footnotes":""},"aioseo_notices":[],"_links":{"self":[{"href":"https:\/\/desayunaconmiel.eu\/en\/wp-json\/wp\/v2\/pages\/1140"}],"collection":[{"href":"https:\/\/desayunaconmiel.eu\/en\/wp-json\/wp\/v2\/pages"}],"about":[{"href":"https:\/\/desayunaconmiel.eu\/en\/wp-json\/wp\/v2\/types\/page"}],"author":[{"embeddable":true,"href":"https:\/\/desayunaconmiel.eu\/en\/wp-json\/wp\/v2\/users\/1"}],"replies":[{"embeddable":true,"href":"https:\/\/desayunaconmiel.eu\/en\/wp-json\/wp\/v2\/comments?post=1140"}],"version-history":[{"count":3,"href":"https:\/\/desayunaconmiel.eu\/en\/wp-json\/wp\/v2\/pages\/1140\/revisions"}],"predecessor-version":[{"id":1322,"href":"https:\/\/desayunaconmiel.eu\/en\/wp-json\/wp\/v2\/pages\/1140\/revisions\/1322"}],"wp:attachment":[{"href":"https:\/\/desayunaconmiel.eu\/en\/wp-json\/wp\/v2\/media?parent=1140"}],"curies":[{"name":"wp","href":"https:\/\/api.w.org\/{rel}","templated":true}]}}